{"id":164,"date":"2023-12-09T12:26:57","date_gmt":"2023-12-09T11:26:57","guid":{"rendered":"http:\/\/vttvalessonne.fr\/?page_id=164"},"modified":"2025-09-01T20:13:07","modified_gmt":"2025-09-01T18:13:07","slug":"ecole-de-vtt","status":"publish","type":"page","link":"https:\/\/vttvalessonne.fr\/index.php\/ecole-de-vtt\/","title":{"rendered":"ECOLE DE VTT"},"content":{"rendered":"<div data-colibri-id=\"164-c1\" class=\"style-206 style-local-164-c1 position-relative\">\n  <!---->\n  <div data-colibri-component=\"section\" data-colibri-id=\"164-c2\" id=\"custom-2\" class=\"h-section h-section-global-spacing d-flex align-items-lg-center align-items-md-center align-items-center style-236 style-local-164-c2 position-relative\">\n    <!---->\n    <!---->\n    <div class=\"h-section-grid-container h-section-boxed-container\">\n      <!---->\n      <div data-colibri-id=\"164-c3\" class=\"h-row-container gutters-row-lg-2 gutters-row-md-2 gutters-row-0 gutters-row-v-lg-2 gutters-row-v-md-2 gutters-row-v-2 style-296 style-local-164-c3 position-relative\">\n        <!---->\n        <div class=\"h-row justify-content-lg-center justify-content-md-center justify-content-center align-items-lg-stretch align-items-md-stretch align-items-stretch gutters-col-lg-2 gutters-col-md-2 gutters-col-0 gutters-col-v-lg-2 gutters-col-v-md-2 gutters-col-v-2\">\n          <!---->\n          <div class=\"h-column h-column-container d-flex h-col-lg-auto h-col-md-auto h-col-auto style-297-outer style-local-164-c4-outer\">\n            <div data-colibri-id=\"164-c4\" class=\"d-flex h-flex-basis h-column__inner h-px-lg-2 h-px-md-2 h-px-2 v-inner-lg-2 v-inner-md-2 v-inner-2 style-297 style-local-164-c4 position-relative\">\n              <!---->\n              <!---->\n              <div class=\"w-100 h-y-container h-column__content h-column__v-align flex-basis-100 align-self-lg-start align-self-md-start align-self-start\">\n                <!---->\n                <div data-colibri-id=\"164-c5\" class=\"h-text h-text-component style-298 style-local-164-c5 position-relative h-element\">\n                  <!---->\n                  <!---->\n                  <div class=\"\">\n                    <p>Entrainements tous les samedi matin pour le Groupe 1 et tous les samedi apr\u00e8s-midi pour le Groupe 2 (hors vacances scolaires), d\u00e9part depuis le terrain situ\u00e9 \u00e0 l&rsquo;arri\u00e8re du complexe sportif de Cerny.<\/p>\n                  <\/div>\n                <\/div>\n              <\/div>\n            <\/div>\n          <\/div>\n        <\/div>\n      <\/div>\n      <div data-colibri-id=\"164-c6\" class=\"h-row-container gutters-row-lg-2 gutters-row-md-2 gutters-row-0 gutters-row-v-lg-2 gutters-row-v-md-2 gutters-row-v-2 style-248 style-local-164-c6 position-relative\">\n        <!---->\n        <div class=\"h-row justify-content-lg-center justify-content-md-center justify-content-center align-items-lg-stretch align-items-md-stretch align-items-stretch gutters-col-lg-2 gutters-col-md-2 gutters-col-0 gutters-col-v-lg-2 gutters-col-v-md-2 gutters-col-v-2\">\n          <!---->\n          <div class=\"h-column h-column-container d-flex h-col-lg-auto h-col-md-auto h-col-auto style-249-outer style-local-164-c7-outer\">\n            <div data-colibri-id=\"164-c7\" class=\"d-flex h-flex-basis h-column__inner h-px-lg-2 h-px-md-2 h-px-2 v-inner-lg-2 v-inner-md-2 v-inner-2 style-249 style-local-164-c7 position-relative\">\n              <!---->\n              <!---->\n              <div class=\"w-100 h-y-container h-column__content h-column__v-align flex-basis-100 align-self-lg-start align-self-md-start align-self-start\">\n                <!---->\n                <div data-colibri-id=\"164-c8\" class=\"h-text h-text-component style-250 style-local-164-c8 position-relative h-element\">\n                  <!---->\n                  <!---->\n                  <div class=\"\">\n                    <p>GROUPE 1<\/p>\n                  <\/div>\n                <\/div>\n              <\/div>\n            <\/div>\n          <\/div>\n        <\/div>\n      <\/div>\n      <div data-colibri-id=\"164-c9\" class=\"h-row-container gutters-row-lg-2 gutters-row-md-2 gutters-row-0 gutters-row-v-lg-2 gutters-row-v-md-2 gutters-row-v-2 style-237 style-local-164-c9 position-relative\">\n        <!---->\n        <div class=\"h-row justify-content-lg-center justify-content-md-center justify-content-center align-items-lg-stretch align-items-md-stretch align-items-stretch gutters-col-lg-2 gutters-col-md-2 gutters-col-0 gutters-col-v-lg-2 gutters-col-v-md-2 gutters-col-v-2\">\n          <!---->\n          <div class=\"h-column h-column-container d-flex h-col-lg-auto h-col-md-auto h-col-auto style-238-outer style-local-164-c10-outer\">\n            <div data-colibri-id=\"164-c10\" class=\"d-flex h-flex-basis h-column__inner h-px-lg-2 h-px-md-2 h-px-2 v-inner-lg-2 v-inner-md-2 v-inner-2 style-238 style-local-164-c10 position-relative\">\n              <!---->\n              <!---->\n              <div class=\"w-100 h-y-container h-column__content h-column__v-align flex-basis-100 align-self-lg-start align-self-md-start align-self-start\">\n                <!---->\n                <div data-colibri-id=\"164-c11\" class=\"h-text h-text-component style-240 style-local-164-c11 position-relative h-element\">\n                  <!---->\n                  <!---->\n                  <div class=\"\">\n                    <p>Moniteur : Eric + J\u00e9r\u00f4me \/ Emilien\n                      <br>\u00c2ge : 7-12 ans\n                      <br>Horaire : 10h\/12h30 le samedi\n                      <br>Equipement : V\u00e9lo + gants + casque\n                      <br>\n                    <\/p>\n                    <p>Objectifs :<\/p>\n                    <p>\u25ba Ma\u00eetriser son v\u00e9lo pour rouler en autonomie et en s\u00e9curit\u00e9.<\/p>\n                    <p>\u25ba Se perfectionner en VTT, ma\u00eetriser les techniques pour rouler sur tout type de terrain&#8230;<\/p>\n                    <p><span style=\"font-weight: 300; font-size: 16px; font-family: Poppins; color: rgb(6, 22, 37);\">\u25ba Initiation aux diff\u00e9rentes disciplines Trial, XC, Descente.<\/span><\/p>\n                    <p><span style=\"font-weight: 300; font-size: 16px; font-family: Poppins; color: rgb(6, 22, 37);\">\u25ba Pr\u00e9paration aux comp\u00e9titions.<\/span><\/p>\n                    <p>\n                      <br>\n                    <\/p>\n                    <p>\n                      <br>\n                    <\/p>\n                  <\/div>\n                <\/div>\n              <\/div>\n            <\/div>\n          <\/div>\n          <div class=\"h-column h-column-container d-flex h-col-lg-auto h-col-md-auto h-col-auto style-239-outer style-local-164-c12-outer\">\n            <div data-colibri-id=\"164-c12\" class=\"d-flex h-flex-basis h-column__inner h-px-lg-2 h-px-md-2 h-px-2 v-inner-lg-2 v-inner-md-2 v-inner-2 style-239 style-local-164-c12 position-relative\">\n              <!---->\n              <!---->\n              <div class=\"w-100 h-y-container h-column__content h-column__v-align flex-basis-100 align-self-lg-start align-self-md-start align-self-start\">\n                <!---->\n                <div data-colibri-id=\"164-c13\" class=\"d-block style-241 style-local-164-c13 position-relative h-element\">\n                  <!---->\n                  <div class=\"h-image__frame-container-outer\">\n                    <div class=\"h-image__frame-container\">\n                      <!---->\n                      <!---->\n                      <img loading=\"lazy\" decoding=\"async\" width=\"291\" height=\"409\" src=\"https:\/\/vttvalessonne.fr\/wp-content\/uploads\/2023\/12\/cropped-Image1.jpg\" class=\"wp-image-200 style-241-image style-local-164-c13-image\" alt=\"\" srcset=\"https:\/\/vttvalessonne.fr\/wp-content\/uploads\/2023\/12\/cropped-Image1.jpg 291w, https:\/\/vttvalessonne.fr\/wp-content\/uploads\/2023\/12\/cropped-Image1-213x300.jpg 213w\" sizes=\"auto, (max-width: 291px) 100vw, 291px\" \/>\n                      <div class=\"h-image__frame h-hide-lg h-hide-md h-hide-sm style-241-frameImage style-local-164-c13-frameImage\"><\/div>\n                    <\/div>\n                  <\/div>\n                <\/div>\n              <\/div>\n            <\/div>\n          <\/div>\n        <\/div>\n      <\/div>\n    <\/div>\n  <\/div>\n  <div data-colibri-component=\"section\" data-colibri-id=\"164-c14\" id=\"custom-3\" class=\"h-section h-section-global-spacing d-flex align-items-lg-center align-items-md-center align-items-center style-251 style-local-164-c14 position-relative\">\n    <!---->\n    <!---->\n    <div class=\"h-section-grid-container h-section-boxed-container\">\n      <!---->\n      <div data-colibri-id=\"164-c15\" class=\"h-row-container gutters-row-lg-2 gutters-row-md-2 gutters-row-0 gutters-row-v-lg-2 gutters-row-v-md-2 gutters-row-v-2 style-257 style-local-164-c15 position-relative\">\n        <!---->\n        <div class=\"h-row justify-content-lg-center justify-content-md-center justify-content-center align-items-lg-stretch align-items-md-stretch align-items-stretch gutters-col-lg-2 gutters-col-md-2 gutters-col-0 gutters-col-v-lg-2 gutters-col-v-md-2 gutters-col-v-2\">\n          <!---->\n          <div class=\"h-column h-column-container d-flex h-col-lg-auto h-col-md-auto h-col-auto style-258-outer style-local-164-c16-outer\">\n            <div data-colibri-id=\"164-c16\" class=\"d-flex h-flex-basis h-column__inner h-px-lg-2 h-px-md-2 h-px-2 v-inner-lg-2 v-inner-md-2 v-inner-2 style-258 style-local-164-c16 position-relative\">\n              <!---->\n              <!---->\n              <div class=\"w-100 h-y-container h-column__content h-column__v-align flex-basis-100 align-self-lg-start align-self-md-start align-self-start\">\n                <!---->\n                <div data-colibri-id=\"164-c17\" class=\"h-text h-text-component style-259 style-local-164-c17 position-relative h-element\">\n                  <!---->\n                  <!---->\n                  <div class=\"\">\n                    <p>GROUPE 2<\/p>\n                  <\/div>\n                <\/div>\n              <\/div>\n            <\/div>\n          <\/div>\n        <\/div>\n      <\/div>\n      <div data-colibri-id=\"164-c18\" class=\"h-row-container gutters-row-lg-2 gutters-row-md-2 gutters-row-0 gutters-row-v-lg-2 gutters-row-v-md-2 gutters-row-v-2 style-252 style-local-164-c18 position-relative\">\n        <!---->\n        <div class=\"h-row justify-content-lg-center justify-content-md-center justify-content-center align-items-lg-stretch align-items-md-stretch align-items-stretch gutters-col-lg-2 gutters-col-md-2 gutters-col-0 gutters-col-v-lg-2 gutters-col-v-md-2 gutters-col-v-2\">\n          <!---->\n          <div class=\"h-column h-column-container d-flex h-col-lg-auto h-col-md-auto h-col-auto style-253-outer style-local-164-c19-outer\">\n            <div data-colibri-id=\"164-c19\" class=\"d-flex h-flex-basis h-column__inner h-px-lg-2 h-px-md-2 h-px-2 v-inner-lg-2 v-inner-md-2 v-inner-2 style-253 style-local-164-c19 position-relative\">\n              <!---->\n              <!---->\n              <div class=\"w-100 h-y-container h-column__content h-column__v-align flex-basis-100 align-self-lg-start align-self-md-start align-self-start\">\n                <!---->\n                <div data-colibri-id=\"164-c20\" class=\"h-text h-text-component style-255 style-local-164-c20 position-relative h-element\">\n                  <!---->\n                  <!---->\n                  <div class=\"\">\n                    <p>Moniteur : Eric + Arno\n                      <br>\u00c2ge : 13-18 ans\n                      <br>Horaire : 14h00h\/16h30h le samedi\n                      <br>Equipement : V\u00e9lo + gants + casque\n                      <br>\n                    <\/p>\n                    <p>Objectifs :<\/p>\n                    <p>\u25ba Se perfectionner en VTT, ma\u00eetriser les techniques pour rouler sur tout type de terrain&#8230;<\/p>\n                    <p><span style=\"color: rgb(6, 22, 37); font-family: Poppins; font-size: 16px; font-weight: 300;\">\u25ba Initiation aux diff\u00e9rentes disciplines Trial, XC, Descente.<\/span><\/p>\n                    <p><span style=\"color: rgb(6, 22, 37); font-family: Poppins; font-size: 16px; font-weight: 300;\">\u25ba Pr\u00e9paration aux comp\u00e9titions TRJV (Troph\u00e9e R\u00e9gional des Jeunes VTTistes).<\/span><\/p>\n                    <p>\n                      <br>\n                    <\/p>\n                    <p>\n                      <br>\n                    <\/p>\n                  <\/div>\n                <\/div>\n              <\/div>\n            <\/div>\n          <\/div>\n          <div class=\"h-column h-column-container d-flex h-col-lg-auto h-col-md-auto h-col-auto style-254-outer style-local-164-c21-outer\">\n            <div data-colibri-id=\"164-c21\" class=\"d-flex h-flex-basis h-column__inner h-px-lg-2 h-px-md-2 h-px-2 v-inner-lg-2 v-inner-md-2 v-inner-2 style-254 style-local-164-c21 position-relative\">\n              <!---->\n              <!---->\n              <div class=\"w-100 h-y-container h-column__content h-column__v-align flex-basis-100 align-self-lg-start align-self-md-start align-self-start\">\n                <!---->\n                <div data-colibri-id=\"164-c22\" class=\"d-block style-256 style-local-164-c22 position-relative h-element\">\n                  <!---->\n                  <div class=\"h-image__frame-container-outer\">\n                    <div class=\"h-image__frame-container\">\n                      <!---->\n                      <!---->\n                      <img loading=\"lazy\" decoding=\"async\" width=\"290\" height=\"386\" src=\"https:\/\/vttvalessonne.fr\/wp-content\/uploads\/2023\/12\/Image2.jpg\" class=\"wp-image-201 style-256-image style-local-164-c22-image\" alt=\"\" srcset=\"https:\/\/vttvalessonne.fr\/wp-content\/uploads\/2023\/12\/Image2.jpg 290w, https:\/\/vttvalessonne.fr\/wp-content\/uploads\/2023\/12\/Image2-225x300.jpg 225w\" sizes=\"auto, (max-width: 290px) 100vw, 290px\" \/>\n                      <div class=\"h-image__frame h-hide-lg h-hide-md h-hide-sm style-256-frameImage style-local-164-c22-frameImage\"><\/div>\n                    <\/div>\n                  <\/div>\n                <\/div>\n              <\/div>\n            <\/div>\n          <\/div>\n        <\/div>\n      <\/div>\n    <\/div>\n  <\/div>\n<\/div>","protected":false},"excerpt":{"rendered":"<p>Entrainements tous les samedi matin pour le Groupe 1 et tous les samedi apr\u00e8s-midi pour le Groupe 2 (hors vacances scolaires), d\u00e9part depuis le terrain situ\u00e9 \u00e0 l&rsquo;arri\u00e8re du complexe [&hellip;]<\/p>\n","protected":false},"author":2,"featured_media":0,"parent":0,"menu_order":3,"comment_status":"closed","ping_status":"closed","template":"page-templates\/full-width-page.php","meta":{"footnotes":""},"class_list":["post-164","page","type-page","status-publish","hentry"],"_links":{"self":[{"href":"https:\/\/vttvalessonne.fr\/index.php\/wp-json\/wp\/v2\/pages\/164","targetHints":{"allow":["GET"]}}],"collection":[{"href":"https:\/\/vttvalessonne.fr\/index.php\/wp-json\/wp\/v2\/pages"}],"about":[{"href":"https:\/\/vttvalessonne.fr\/index.php\/wp-json\/wp\/v2\/types\/page"}],"author":[{"embeddable":true,"href":"https:\/\/vttvalessonne.fr\/index.php\/wp-json\/wp\/v2\/users\/2"}],"replies":[{"embeddable":true,"href":"https:\/\/vttvalessonne.fr\/index.php\/wp-json\/wp\/v2\/comments?post=164"}],"version-history":[{"count":14,"href":"https:\/\/vttvalessonne.fr\/index.php\/wp-json\/wp\/v2\/pages\/164\/revisions"}],"predecessor-version":[{"id":1104,"href":"https:\/\/vttvalessonne.fr\/index.php\/wp-json\/wp\/v2\/pages\/164\/revisions\/1104"}],"wp:attachment":[{"href":"https:\/\/vttvalessonne.fr\/index.php\/wp-json\/wp\/v2\/media?parent=164"}],"curies":[{"name":"wp","href":"https:\/\/api.w.org\/{rel}","templated":true}]}}